{"id":1487,"date":"2025-11-10T16:32:37","date_gmt":"2025-11-10T15:32:37","guid":{"rendered":"https:\/\/www.papalegba.fr\/?post_type=product&#038;p=1487"},"modified":"2026-02-13T10:03:34","modified_gmt":"2026-02-13T09:03:34","slug":"pl02b","status":"publish","type":"product","link":"https:\/\/www.papalegba.fr\/index.php\/product\/pl02b\/","title":{"rendered":"DIENTE DE ORO &#8211; LP (PL02B)"},"content":{"rendered":"<p><strong>DIENTE DE ORO &#8211; LP (2025)<\/strong><\/p>\n<p>Produit int\u00e9gralement sur bandes magn\u00e9tiques, Diente de Oro livre un regard distanci\u00e9 mais r\u00e9volt\u00e9 sur nos soci\u00e9t\u00e9s contemporaines en 10 tracks enflamm\u00e9es, enregistr\u00e9es en deux jours au premier studio Papa Legba Records.<\/p>\n<p><em>Pour les amateurs de : Sonic Youth, DRUUGG, Oh Sees&#8230;<\/em><\/p>\n<p><strong>Version &#8220;BZZT Yellow&#8221; : Vinyle jaune et artwork de Th.<\/strong><\/p>\n<p>Version digitale (t\u00e9l\u00e9chargeable gratuitement) : <a href=\"https:\/\/papalegbarecords.bandcamp.com\/album\/lp-2024\">https:\/\/papalegbarecords.bandcamp.com\/album\/lp-2024<\/a><\/p>\n<figure id=\"attachment_1251\" aria-describedby=\"caption-attachment-1251\" style=\"width: 300px\" class=\"wp-caption alignnone\"><img loading=\"lazy\" decoding=\"async\" class=\"size-medium wp-image-1251\" src=\"http:\/\/www.papalegba.fr\/wp-content\/uploads\/2025\/11\/Dientede-Oro-Vinyle-2-PL02B-300x300.webp\" alt=\"Diente de Oro - LP (2025) \/\/ Vinyle 2 PL02B \/\/ Papa Legba Records\" width=\"300\" height=\"300\" srcset=\"https:\/\/www.papalegba.fr\/wp-content\/uploads\/2025\/11\/Dientede-Oro-Vinyle-2-PL02B-300x300.webp 300w, https:\/\/www.papalegba.fr\/wp-content\/uploads\/2025\/11\/Dientede-Oro-Vinyle-2-PL02B-1024x1024.webp 1024w, https:\/\/www.papalegba.fr\/wp-content\/uploads\/2025\/11\/Dientede-Oro-Vinyle-2-PL02B-150x150.webp 150w, https:\/\/www.papalegba.fr\/wp-content\/uploads\/2025\/11\/Dientede-Oro-Vinyle-2-PL02B-768x768.webp 768w, https:\/\/www.papalegba.fr\/wp-content\/uploads\/2025\/11\/Dientede-Oro-Vinyle-2-PL02B-1536x1536.webp 1536w, https:\/\/www.papalegba.fr\/wp-content\/uploads\/2025\/11\/Dientede-Oro-Vinyle-2-PL02B-600x600.webp 600w, https:\/\/www.papalegba.fr\/wp-content\/uploads\/2025\/11\/Dientede-Oro-Vinyle-2-PL02B-100x100.webp 100w, https:\/\/www.papalegba.fr\/wp-content\/uploads\/2025\/11\/Dientede-Oro-Vinyle-2-PL02B.webp 1920w\" sizes=\"auto, (max-width: 300px) 100vw, 300px\" \/><figcaption id=\"caption-attachment-1251\" class=\"wp-caption-text\">Diente de Oro &#8211; LP (2025) \/\/ Vinyle 2 PL02B \/\/ Papa Legba Records<\/figcaption><\/figure>\n","protected":false},"excerpt":{"rendered":"<p><strong>DIENTE DE ORO &#8211; LP (PL02B)<\/strong><\/p>\n<p>Produit int\u00e9gralement sur bandes magn\u00e9tiques, Diente de Oro livre un regard distanci\u00e9 mais r\u00e9volt\u00e9 sur nos soci\u00e9t\u00e9s contemporaines en 10 tracks enflamm\u00e9es, enregistr\u00e9es en deux jours au premier studio Papa Legba Records.<\/p>\n<p><em>Pour les amateurs de : Sonic Youth, DRUUGG, Oh Sees&#8230;<\/em><\/p>\n<p><strong>Version &#8220;BZZT Yellow&#8221; : Vinyle jaune et artwork de Th.<\/strong><\/p>\n","protected":false},"featured_media":2407,"comment_status":"open","ping_status":"closed","template":"","meta":{"_seopress_robots_primary_cat":"none","_seopress_titles_title":"","_seopress_titles_desc":"","_seopress_robots_index":"","site-sidebar-layout":"default","site-content-layout":"","ast-site-content-layout":"default","site-content-style":"default","site-sidebar-style":"default","ast-global-header-display":"","ast-banner-title-visibility":"","ast-main-header-display":"","ast-hfb-above-header-display":"","ast-hfb-below-header-display":"","ast-hfb-mobile-header-display":"","site-post-title":"","ast-breadcrumbs-content":"","ast-featured-img":"","footer-sml-layout":"","ast-disable-related-posts":"","theme-transparent-header-meta":"default","adv-header-id-meta":"","stick-header-meta":"","header-above-stick-meta":"","header-main-stick-meta":"","header-below-stick-meta":"","astra-migrate-meta-layouts":"set","ast-page-background-enabled":"default","ast-page-background-meta":{"desktop":{"background-color":"var(--ast-global-color-5)","background-image":"","background-repeat":"repeat","background-position":"center center","background-size":"auto","background-attachment":"scroll","background-type":"","background-media":"","overlay-type":"","overlay-color":"","overlay-opacity":"","overlay-gradient":""},"tablet":{"background-color":"","background-image":"","background-repeat":"repeat","background-position":"center center","background-size":"auto","background-attachment":"scroll","background-type":"","background-media":"","overlay-type":"","overlay-color":"","overlay-opacity":"","overlay-gradient":""},"mobile":{"background-color":"","background-image":"","background-repeat":"repeat","background-position":"center center","background-size":"auto","background-attachment":"scroll","background-type":"","background-media":"","overlay-type":"","overlay-color":"","overlay-opacity":"","overlay-gradient":""}},"ast-content-background-meta":{"desktop":{"background-color":"var(--ast-global-color-4)","background-image":"","background-repeat":"repeat","background-position":"center center","background-size":"auto","background-attachment":"scroll","background-type":"","background-media":"","overlay-type":"","overlay-color":"","overlay-opacity":"","overlay-gradient":""},"tablet":{"background-color":"var(--ast-global-color-4)","background-image":"","background-repeat":"repeat","background-position":"center center","background-size":"auto","background-attachment":"scroll","background-type":"","background-media":"","overlay-type":"","overlay-color":"","overlay-opacity":"","overlay-gradient":""},"mobile":{"background-color":"var(--ast-global-color-4)","background-image":"","background-repeat":"repeat","background-position":"center center","background-size":"auto","background-attachment":"scroll","background-type":"","background-media":"","overlay-type":"","overlay-color":"","overlay-opacity":"","overlay-gradient":""}}},"product_brand":[],"product_cat":[37],"product_tag":[],"class_list":{"0":"post-1487","1":"product","2":"type-product","3":"status-publish","4":"has-post-thumbnail","6":"product_cat-vinyles","7":"desktop-align-left","8":"tablet-align-left","9":"mobile-align-left","11":"first","12":"instock","13":"purchasable","14":"product-type-simple"},"yoast_head":"<!-- This site is optimized with the Yoast SEO plugin v27.4 - https:\/\/yoast.com\/product\/yoast-seo-wordpress\/ -->\n<title>DIENTE DE ORO - LP (PL02B) - PAPA LEGBA RECORDS<\/title>\n<meta name=\"description\" content=\"PAPA LEGBA RECORDS \/\/ PL02B - Diente de Oro EP 2nde version\" \/>\n<meta name=\"robots\" content=\"index, follow, max-snippet:-1, max-image-preview:large, max-video-preview:-1\" \/>\n<link rel=\"canonical\" href=\"https:\/\/www.papalegba.fr\/index.php\/product\/pl02b\/\" \/>\n<meta property=\"og:locale\" content=\"en_US\" \/>\n<meta property=\"og:type\" content=\"article\" \/>\n<meta property=\"og:title\" content=\"DIENTE DE ORO - LP (PL02B) - PAPA LEGBA RECORDS\" \/>\n<meta property=\"og:description\" content=\"PAPA LEGBA RECORDS \/\/ PL02B - Diente de Oro EP 2nde version\" \/>\n<meta property=\"og:url\" content=\"https:\/\/www.papalegba.fr\/index.php\/product\/pl02b\/\" \/>\n<meta property=\"og:site_name\" content=\"PAPA LEGBA RECORDS\" \/>\n<meta property=\"article:publisher\" content=\"https:\/\/www.facebook.com\/papalegbaofficiel\" \/>\n<meta property=\"article:modified_time\" content=\"2026-02-13T09:03:34+00:00\" \/>\n<meta property=\"og:image\" content=\"http:\/\/www.papalegba.fr\/wp-content\/uploads\/2025\/11\/PL02B-Recto-1-scaled.jpg\" \/>\n\t<meta property=\"og:image:width\" content=\"2560\" \/>\n\t<meta property=\"og:image:height\" content=\"2560\" \/>\n\t<meta property=\"og:image:type\" content=\"image\/jpeg\" \/>\n<meta name=\"twitter:card\" content=\"summary_large_image\" \/>\n<meta name=\"twitter:label1\" content=\"Est. reading time\" \/>\n\t<meta name=\"twitter:data1\" content=\"1 minute\" \/>\n<script type=\"application\/ld+json\" class=\"yoast-schema-graph\">{\"@context\":\"https:\\\/\\\/schema.org\",\"@graph\":[{\"@type\":\"WebPage\",\"@id\":\"https:\\\/\\\/www.papalegba.fr\\\/index.php\\\/product\\\/pl02b\\\/\",\"url\":\"https:\\\/\\\/www.papalegba.fr\\\/index.php\\\/product\\\/pl02b\\\/\",\"name\":\"DIENTE DE ORO - LP (PL02B) - PAPA LEGBA RECORDS\",\"isPartOf\":{\"@id\":\"https:\\\/\\\/www.papalegba.fr\\\/#website\"},\"primaryImageOfPage\":{\"@id\":\"https:\\\/\\\/www.papalegba.fr\\\/index.php\\\/product\\\/pl02b\\\/#primaryimage\"},\"image\":{\"@id\":\"https:\\\/\\\/www.papalegba.fr\\\/index.php\\\/product\\\/pl02b\\\/#primaryimage\"},\"thumbnailUrl\":\"https:\\\/\\\/www.papalegba.fr\\\/wp-content\\\/uploads\\\/2025\\\/11\\\/PL02B-Recto-1-scaled.jpg\",\"datePublished\":\"2025-11-10T15:32:37+00:00\",\"dateModified\":\"2026-02-13T09:03:34+00:00\",\"description\":\"PAPA LEGBA RECORDS \\\/\\\/ PL02B - Diente de Oro EP 2nde version\",\"breadcrumb\":{\"@id\":\"https:\\\/\\\/www.papalegba.fr\\\/index.php\\\/product\\\/pl02b\\\/#breadcrumb\"},\"inLanguage\":\"en-US\",\"potentialAction\":[{\"@type\":\"ReadAction\",\"target\":[\"https:\\\/\\\/www.papalegba.fr\\\/index.php\\\/product\\\/pl02b\\\/\"]}]},{\"@type\":\"ImageObject\",\"inLanguage\":\"en-US\",\"@id\":\"https:\\\/\\\/www.papalegba.fr\\\/index.php\\\/product\\\/pl02b\\\/#primaryimage\",\"url\":\"https:\\\/\\\/www.papalegba.fr\\\/wp-content\\\/uploads\\\/2025\\\/11\\\/PL02B-Recto-1-scaled.jpg\",\"contentUrl\":\"https:\\\/\\\/www.papalegba.fr\\\/wp-content\\\/uploads\\\/2025\\\/11\\\/PL02B-Recto-1-scaled.jpg\",\"width\":2560,\"height\":2560},{\"@type\":\"BreadcrumbList\",\"@id\":\"https:\\\/\\\/www.papalegba.fr\\\/index.php\\\/product\\\/pl02b\\\/#breadcrumb\",\"itemListElement\":[{\"@type\":\"ListItem\",\"position\":1,\"name\":\"Accueil\",\"item\":\"https:\\\/\\\/www.papalegba.fr\\\/\"},{\"@type\":\"ListItem\",\"position\":2,\"name\":\"Products\",\"item\":\"https:\\\/\\\/www.papalegba.fr\\\/index.php\\\/shop\\\/\"},{\"@type\":\"ListItem\",\"position\":3,\"name\":\"DIENTE DE ORO &#8211; LP (PL02B)\"}]},{\"@type\":\"WebSite\",\"@id\":\"https:\\\/\\\/www.papalegba.fr\\\/#website\",\"url\":\"https:\\\/\\\/www.papalegba.fr\\\/\",\"name\":\"PAPA LEGBA RECORDS\",\"description\":\"\",\"publisher\":{\"@id\":\"https:\\\/\\\/www.papalegba.fr\\\/#organization\"},\"potentialAction\":[{\"@type\":\"SearchAction\",\"target\":{\"@type\":\"EntryPoint\",\"urlTemplate\":\"https:\\\/\\\/www.papalegba.fr\\\/?s={search_term_string}\"},\"query-input\":{\"@type\":\"PropertyValueSpecification\",\"valueRequired\":true,\"valueName\":\"search_term_string\"}}],\"inLanguage\":\"en-US\"},{\"@type\":\"Organization\",\"@id\":\"https:\\\/\\\/www.papalegba.fr\\\/#organization\",\"name\":\"PAPA LEGBA RECORDS\",\"url\":\"https:\\\/\\\/www.papalegba.fr\\\/\",\"logo\":{\"@type\":\"ImageObject\",\"inLanguage\":\"en-US\",\"@id\":\"https:\\\/\\\/www.papalegba.fr\\\/#\\\/schema\\\/logo\\\/image\\\/\",\"url\":\"http:\\\/\\\/www.papalegba.fr\\\/wp-content\\\/uploads\\\/2023\\\/02\\\/Logo-Papa-Legba-copie.gif\",\"contentUrl\":\"http:\\\/\\\/www.papalegba.fr\\\/wp-content\\\/uploads\\\/2023\\\/02\\\/Logo-Papa-Legba-copie.gif\",\"width\":610,\"height\":610,\"caption\":\"PAPA LEGBA RECORDS\"},\"image\":{\"@id\":\"https:\\\/\\\/www.papalegba.fr\\\/#\\\/schema\\\/logo\\\/image\\\/\"},\"sameAs\":[\"https:\\\/\\\/www.facebook.com\\\/papalegbaofficiel\",\"https:\\\/\\\/www.instagram.com\\\/papa_legba_recordings\\\/\"]}]}<\/script>\n<!-- \/ Yoast SEO plugin. -->","yoast_head_json":{"title":"DIENTE DE ORO - LP (PL02B) - PAPA LEGBA RECORDS","description":"PAPA LEGBA RECORDS \/\/ PL02B - Diente de Oro EP 2nde version","robots":{"index":"index","follow":"follow","max-snippet":"max-snippet:-1","max-image-preview":"max-image-preview:large","max-video-preview":"max-video-preview:-1"},"canonical":"https:\/\/www.papalegba.fr\/index.php\/product\/pl02b\/","og_locale":"en_US","og_type":"article","og_title":"DIENTE DE ORO - LP (PL02B) - PAPA LEGBA RECORDS","og_description":"PAPA LEGBA RECORDS \/\/ PL02B - Diente de Oro EP 2nde version","og_url":"https:\/\/www.papalegba.fr\/index.php\/product\/pl02b\/","og_site_name":"PAPA LEGBA RECORDS","article_publisher":"https:\/\/www.facebook.com\/papalegbaofficiel","article_modified_time":"2026-02-13T09:03:34+00:00","og_image":[{"width":2560,"height":2560,"url":"http:\/\/www.papalegba.fr\/wp-content\/uploads\/2025\/11\/PL02B-Recto-1-scaled.jpg","type":"image\/jpeg"}],"twitter_card":"summary_large_image","twitter_misc":{"Est. reading time":"1 minute"},"schema":{"@context":"https:\/\/schema.org","@graph":[{"@type":"WebPage","@id":"https:\/\/www.papalegba.fr\/index.php\/product\/pl02b\/","url":"https:\/\/www.papalegba.fr\/index.php\/product\/pl02b\/","name":"DIENTE DE ORO - LP (PL02B) - PAPA LEGBA RECORDS","isPartOf":{"@id":"https:\/\/www.papalegba.fr\/#website"},"primaryImageOfPage":{"@id":"https:\/\/www.papalegba.fr\/index.php\/product\/pl02b\/#primaryimage"},"image":{"@id":"https:\/\/www.papalegba.fr\/index.php\/product\/pl02b\/#primaryimage"},"thumbnailUrl":"https:\/\/www.papalegba.fr\/wp-content\/uploads\/2025\/11\/PL02B-Recto-1-scaled.jpg","datePublished":"2025-11-10T15:32:37+00:00","dateModified":"2026-02-13T09:03:34+00:00","description":"PAPA LEGBA RECORDS \/\/ PL02B - Diente de Oro EP 2nde version","breadcrumb":{"@id":"https:\/\/www.papalegba.fr\/index.php\/product\/pl02b\/#breadcrumb"},"inLanguage":"en-US","potentialAction":[{"@type":"ReadAction","target":["https:\/\/www.papalegba.fr\/index.php\/product\/pl02b\/"]}]},{"@type":"ImageObject","inLanguage":"en-US","@id":"https:\/\/www.papalegba.fr\/index.php\/product\/pl02b\/#primaryimage","url":"https:\/\/www.papalegba.fr\/wp-content\/uploads\/2025\/11\/PL02B-Recto-1-scaled.jpg","contentUrl":"https:\/\/www.papalegba.fr\/wp-content\/uploads\/2025\/11\/PL02B-Recto-1-scaled.jpg","width":2560,"height":2560},{"@type":"BreadcrumbList","@id":"https:\/\/www.papalegba.fr\/index.php\/product\/pl02b\/#breadcrumb","itemListElement":[{"@type":"ListItem","position":1,"name":"Accueil","item":"https:\/\/www.papalegba.fr\/"},{"@type":"ListItem","position":2,"name":"Products","item":"https:\/\/www.papalegba.fr\/index.php\/shop\/"},{"@type":"ListItem","position":3,"name":"DIENTE DE ORO &#8211; LP (PL02B)"}]},{"@type":"WebSite","@id":"https:\/\/www.papalegba.fr\/#website","url":"https:\/\/www.papalegba.fr\/","name":"PAPA LEGBA RECORDS","description":"","publisher":{"@id":"https:\/\/www.papalegba.fr\/#organization"},"potentialAction":[{"@type":"SearchAction","target":{"@type":"EntryPoint","urlTemplate":"https:\/\/www.papalegba.fr\/?s={search_term_string}"},"query-input":{"@type":"PropertyValueSpecification","valueRequired":true,"valueName":"search_term_string"}}],"inLanguage":"en-US"},{"@type":"Organization","@id":"https:\/\/www.papalegba.fr\/#organization","name":"PAPA LEGBA RECORDS","url":"https:\/\/www.papalegba.fr\/","logo":{"@type":"ImageObject","inLanguage":"en-US","@id":"https:\/\/www.papalegba.fr\/#\/schema\/logo\/image\/","url":"http:\/\/www.papalegba.fr\/wp-content\/uploads\/2023\/02\/Logo-Papa-Legba-copie.gif","contentUrl":"http:\/\/www.papalegba.fr\/wp-content\/uploads\/2023\/02\/Logo-Papa-Legba-copie.gif","width":610,"height":610,"caption":"PAPA LEGBA RECORDS"},"image":{"@id":"https:\/\/www.papalegba.fr\/#\/schema\/logo\/image\/"},"sameAs":["https:\/\/www.facebook.com\/papalegbaofficiel","https:\/\/www.instagram.com\/papa_legba_recordings\/"]}]}},"jetpack_sharing_enabled":true,"_links":{"self":[{"href":"https:\/\/www.papalegba.fr\/index.php\/wp-json\/wp\/v2\/product\/1487","targetHints":{"allow":["GET"]}}],"collection":[{"href":"https:\/\/www.papalegba.fr\/index.php\/wp-json\/wp\/v2\/product"}],"about":[{"href":"https:\/\/www.papalegba.fr\/index.php\/wp-json\/wp\/v2\/types\/product"}],"replies":[{"embeddable":true,"href":"https:\/\/www.papalegba.fr\/index.php\/wp-json\/wp\/v2\/comments?post=1487"}],"wp:featuredmedia":[{"embeddable":true,"href":"https:\/\/www.papalegba.fr\/index.php\/wp-json\/wp\/v2\/media\/2407"}],"wp:attachment":[{"href":"https:\/\/www.papalegba.fr\/index.php\/wp-json\/wp\/v2\/media?parent=1487"}],"wp:term":[{"taxonomy":"product_brand","embeddable":true,"href":"https:\/\/www.papalegba.fr\/index.php\/wp-json\/wp\/v2\/product_brand?post=1487"},{"taxonomy":"product_cat","embeddable":true,"href":"https:\/\/www.papalegba.fr\/index.php\/wp-json\/wp\/v2\/product_cat?post=1487"},{"taxonomy":"product_tag","embeddable":true,"href":"https:\/\/www.papalegba.fr\/index.php\/wp-json\/wp\/v2\/product_tag?post=1487"}],"curies":[{"name":"wp","href":"https:\/\/api.w.org\/{rel}","templated":true}]}}