{"id":94,"date":"2023-02-07T09:03:04","date_gmt":"2023-02-07T08:03:04","guid":{"rendered":"https:\/\/www.papalegba.fr\/?page_id=94"},"modified":"2026-02-12T22:59:42","modified_gmt":"2026-02-12T21:59:42","slug":"agenda","status":"publish","type":"page","link":"https:\/\/www.papalegba.fr\/index.php\/agenda\/","title":{"rendered":"AGENDA"},"content":{"rendered":"\n<figure class=\"wp-block-image size-large  wpopus-hide-on-mobile\"><img alt=\"\" decoding=\"async\" src=\"http:\/\/www.papalegba.fr\/wp-content\/uploads\/2026\/01\/80PX-1024x68.png\" alt=\"\" class=\"wp-image-1854\"\/><\/figure>\n\n\n\n<figure class=\"wp-block-image aligncenter size-full is-resized\"><img alt=\"\" loading=\"lazy\" decoding=\"async\" width=\"1680\" height=\"942\" src=\"http:\/\/www.papalegba.fr\/wp-content\/uploads\/2026\/01\/STG_shine.gif\" alt=\"\" class=\"wp-image-1665\" style=\"aspect-ratio:3.652173913043478;object-fit:cover;width:971px;height:auto\"\/><\/figure>\n\n\n\n<div  class=\"tribe-compatibility-container\" >\n\t<div\n\t\t class=\"tribe-common tribe-events tribe-events-view tribe-events-view--widget-events-list tribe-events-widget\" \t\tdata-js=\"tribe-events-view\"\n\t\tdata-view-rest-url=\"https:\/\/www.papalegba.fr\/index.php\/wp-json\/tribe\/views\/v2\/html\"\n\t\tdata-view-manage-url=\"1\"\n\t\t\t\t\t\t\tdata-view-breakpoint-pointer=\"d9d76e5e-4085-4cb3-af9c-76121ee12c24\"\n\t\t\t>\n\t\t<div class=\"tribe-events-widget-events-list\">\n\n\t\t\t<script type=\"application\/ld+json\">\r\n[{\"@context\":\"http:\/\/schema.org\",\"@type\":\"Event\",\"name\":\"FUZZ FUZZ FUZZ ! #2\",\"description\":\"&lt;p&gt;FUZZ FUZZ FUZZ ! is back !!! PAPA LEGBA RECORDS reprend le contr\\u00f4le de la Brasserie d\\\\'Augusta pour un \\u00e9v\\u00e8nement qui va vous d\\u00e9coller les tympans 4 groupes en concert [&hellip;]&lt;\/p&gt;\\\\n\",\"url\":\"https:\/\/www.papalegba.fr\/index.php\/event\/fuzz-fuzz-fuzz-2\/\",\"eventAttendanceMode\":\"https:\/\/schema.org\/OfflineEventAttendanceMode\",\"eventStatus\":\"https:\/\/schema.org\/EventScheduled\",\"startDate\":\"2026-04-11T00:00:00+02:00\",\"endDate\":\"2026-04-11T23:59:59+02:00\",\"location\":{\"@type\":\"Place\",\"name\":\"Brasserie d&#8217;Augusta\",\"description\":\"\",\"url\":\"\",\"address\":{\"@type\":\"PostalAddress\",\"streetAddress\":\"414 Rue Claude Chappe\",\"addressLocality\":\"Auch\",\"postalCode\":\"32000\",\"addressCountry\":\"France\"},\"telephone\":\"\",\"sameAs\":\"https:\/\/brasserie-augusta.fr\/\"},\"organizer\":{\"@type\":\"Person\",\"name\":\"Papa Legba Records\",\"description\":\"\",\"url\":\"\",\"telephone\":\"\",\"email\":\"\",\"sameAs\":\"\"},\"performer\":\"Organization\"}]\r\n<\/script>\n\t\t\t<script data-js=\"tribe-events-view-data\" type=\"application\/json\">\n\t{\"slug\":\"widget-events-list\",\"prev_url\":\"\",\"next_url\":\"\",\"view_class\":\"Tribe\\\\Events\\\\Views\\\\V2\\\\Views\\\\Widgets\\\\Widget_List_View\",\"view_slug\":\"widget-events-list\",\"view_label\":\"View\",\"view\":null,\"should_manage_url\":true,\"id\":null,\"alias-slugs\":null,\"title\":\"Events from April 8 \\u2013 April 11 \\u2013 PAPA LEGBA RECORDS\",\"limit\":\"5\",\"no_upcoming_events\":false,\"featured_events_only\":false,\"jsonld_enable\":true,\"tribe_is_list_widget\":false,\"admin_fields\":{\"title\":{\"label\":\"Title:\",\"type\":\"text\",\"parent_classes\":\"\",\"classes\":\"\",\"dependency\":\"\",\"id\":\"widget-tribe-widget-events-list--1-title\",\"name\":\"widget-tribe-widget-events-list[-1][title]\",\"options\":[],\"placeholder\":\"\",\"value\":null},\"limit\":{\"label\":\"Show:\",\"type\":\"number\",\"default\":5,\"min\":1,\"max\":10,\"step\":1,\"parent_classes\":\"\",\"classes\":\"\",\"dependency\":\"\",\"id\":\"widget-tribe-widget-events-list--1-limit\",\"name\":\"widget-tribe-widget-events-list[-1][limit]\",\"options\":[],\"placeholder\":\"\",\"value\":null},\"no_upcoming_events\":{\"label\":\"Hide this widget if there are no upcoming events.\",\"type\":\"checkbox\",\"parent_classes\":\"\",\"classes\":\"\",\"dependency\":\"\",\"id\":\"widget-tribe-widget-events-list--1-no_upcoming_events\",\"name\":\"widget-tribe-widget-events-list[-1][no_upcoming_events]\",\"options\":[],\"placeholder\":\"\",\"value\":null},\"featured_events_only\":{\"label\":\"Limit to featured events only\",\"type\":\"checkbox\",\"parent_classes\":\"\",\"classes\":\"\",\"dependency\":\"\",\"id\":\"widget-tribe-widget-events-list--1-featured_events_only\",\"name\":\"widget-tribe-widget-events-list[-1][featured_events_only]\",\"options\":[],\"placeholder\":\"\",\"value\":null},\"jsonld_enable\":{\"label\":\"Generate JSON-LD data\",\"type\":\"checkbox\",\"parent_classes\":\"\",\"classes\":\"\",\"dependency\":\"\",\"id\":\"widget-tribe-widget-events-list--1-jsonld_enable\",\"name\":\"widget-tribe-widget-events-list[-1][jsonld_enable]\",\"options\":[],\"placeholder\":\"\",\"value\":null}},\"events\":[2501],\"url\":\"https:\\\/\\\/www.papalegba.fr\\\/?post_type=tribe_events&eventDisplay=widget-events-list\",\"url_event_date\":false,\"bar\":{\"keyword\":\"\",\"date\":\"\"},\"today\":\"2026-04-08 00:00:00\",\"now\":\"2026-04-08 11:24:53\",\"home_url\":\"https:\\\/\\\/www.papalegba.fr\",\"rest_url\":\"https:\\\/\\\/www.papalegba.fr\\\/index.php\\\/wp-json\\\/tribe\\\/views\\\/v2\\\/html\",\"rest_method\":\"GET\",\"rest_nonce\":\"\",\"today_url\":\"https:\\\/\\\/www.papalegba.fr\\\/?post_type=tribe_events&eventDisplay=widget-events-list&rest_route=%2Fwp%2Fv2%2Fpages%2F94\",\"today_title\":\"Click to select today's date\",\"today_label\":\"Today\",\"prev_label\":\"\",\"next_label\":\"\",\"date_formats\":{\"compact\":\"n\\\/j\\\/Y\",\"month_and_year_compact\":\"n\\\/j\\\/Y\",\"month_and_year\":\"F Y\",\"time_range_separator\":\" - \",\"date_time_separator\":\" @ \"},\"messages\":[],\"start_of_week\":\"1\",\"header_title\":\"\",\"header_title_element\":\"h1\",\"content_title\":\"\",\"show_content_title\":false,\"breadcrumbs\":[],\"backlink\":false,\"before_events\":\"\",\"after_events\":\"\\n<!--\\nThis calendar is powered by The Events Calendar.\\nhttp:\\\/\\\/evnt.is\\\/18wn\\n-->\\n\",\"display_events_bar\":false,\"disable_event_search\":false,\"live_refresh\":true,\"ical\":{\"display_link\":true,\"link\":{\"url\":\"https:\\\/\\\/www.papalegba.fr\\\/?post_type=tribe_events&#038;eventDisplay=widget-events-list&#038;ical=1\",\"text\":\"Export Events\",\"title\":\"Use this to share calendar data with Google Calendar, Apple iCal and other compatible apps\"}},\"container_classes\":[\"tribe-common\",\"tribe-events\",\"tribe-events-view\",\"tribe-events-view--widget-events-list\",\"tribe-events-widget\"],\"container_data\":[],\"is_past\":false,\"breakpoints\":{\"xsmall\":500,\"medium\":768,\"full\":960},\"breakpoint_pointer\":\"d9d76e5e-4085-4cb3-af9c-76121ee12c24\",\"is_initial_load\":false,\"public_views\":{\"list\":{\"view_class\":\"Tribe\\\\Events\\\\Views\\\\V2\\\\Views\\\\List_View\",\"view_url\":\"https:\\\/\\\/www.papalegba.fr\\\/events\\\/list\\\/\",\"view_label\":\"List\",\"aria_label\":\"Display Events in List View\"},\"month\":{\"view_class\":\"Tribe\\\\Events\\\\Views\\\\V2\\\\Views\\\\Month_View\",\"view_url\":\"https:\\\/\\\/www.papalegba.fr\\\/events\\\/month\\\/\",\"view_label\":\"Month\",\"aria_label\":\"Display Events in Month View\"},\"day\":{\"view_class\":\"Tribe\\\\Events\\\\Views\\\\V2\\\\Views\\\\Day_View\",\"view_url\":\"https:\\\/\\\/www.papalegba.fr\\\/events\\\/today\\\/\",\"view_label\":\"Day\",\"aria_label\":\"Display Events in Day View\"}},\"show_latest_past\":false,\"past\":false,\"compatibility_classes\":[\"tribe-compatibility-container\"],\"view_more_text\":\"View Calendar\",\"view_more_title\":\"View more events.\",\"view_more_link\":\"https:\\\/\\\/www.papalegba.fr\\\/events\\\/\",\"widget_title\":\"\\u00c9v\\u00e8nements \\u00e0 venir\",\"hide_if_no_upcoming_events\":false,\"display\":[],\"subscribe_links\":{\"gcal\":{\"label\":\"Google Calendar\",\"single_label\":\"Add to Google Calendar\",\"visible\":true,\"block_slug\":\"hasGoogleCalendar\"},\"ical\":{\"label\":\"iCalendar\",\"single_label\":\"Add to iCalendar\",\"visible\":true,\"block_slug\":\"hasiCal\"},\"outlook-365\":{\"label\":\"Outlook 365\",\"single_label\":\"Outlook 365\",\"visible\":true,\"block_slug\":\"hasOutlook365\"},\"outlook-live\":{\"label\":\"Outlook Live\",\"single_label\":\"Outlook Live\",\"visible\":true,\"block_slug\":\"hasOutlookLive\"},\"ics\":{\"label\":\"Export .ics file\",\"single_label\":\"Export .ics file\",\"visible\":true,\"block_slug\":null},\"outlook-ics\":{\"label\":\"Export Outlook .ics file\",\"single_label\":\"Export Outlook .ics file\",\"visible\":true,\"block_slug\":null}},\"_context\":{\"slug\":\"widget-events-list\"}}<\/script>\n\n\t\t\t\t\t\t\t<header class=\"tribe-events-widget-events-list__header\">\n\t\t\t\t\t<h2 class=\"tribe-events-widget-events-list__header-title tribe-common-h6 tribe-common-h--alt\">\n\t\t\t\t\t\t\u00c9v\u00e8nements \u00e0 venir\t\t\t\t\t<\/h2>\n\t\t\t\t<\/header>\n\t\t\t\n\t\t\t\n\t\t\t\t<div class=\"tribe-events-widget-events-list__events\">\n\t\t\t\t\t\t\t\t\t\t\t<div  class=\"tribe-common-g-row tribe-events-widget-events-list__event-row\" >\n\n\t<div class=\"tribe-events-widget-events-list__event-date-tag tribe-common-g-col\">\n\t<time class=\"tribe-events-widget-events-list__event-date-tag-datetime\" datetime=\"2026-04-11\">\n\t\t<span class=\"tribe-events-widget-events-list__event-date-tag-month\">\n\t\t\tApr\t\t<\/span>\n\t\t<span class=\"tribe-events-widget-events-list__event-date-tag-daynum tribe-common-h2 tribe-common-h4--min-medium\">\n\t\t\t11\t\t<\/span>\n\t<\/time>\n<\/div>\n\n\t<div class=\"tribe-events-widget-events-list__event-wrapper tribe-common-g-col\">\n\t\t<article  class=\"tribe-events-widget-events-list__event post-2501 tribe_events type-tribe_events status-publish hentry\" >\n\t\t\t<div class=\"tribe-events-widget-events-list__event-details\">\n\n\t\t\t\t<header class=\"tribe-events-widget-events-list__event-header\">\n\t\t\t\t\t<div class=\"tribe-events-widget-events-list__event-datetime-wrapper tribe-common-b2 tribe-common-b3--min-medium\">\n\t\t<time class=\"tribe-events-widget-events-list__event-datetime\" datetime=\"2026-04-11\">\n\t\tAll day\t<\/time>\n\t<\/div>\n\t\t\t\t\t<h3 class=\"tribe-events-widget-events-list__event-title tribe-common-h7\">\n\t<a\n\t\thref=\"https:\/\/www.papalegba.fr\/index.php\/event\/fuzz-fuzz-fuzz-2\/\"\n\t\ttitle=\"FUZZ FUZZ FUZZ ! #2\"\n\t\trel=\"bookmark\"\n\t\tclass=\"tribe-events-widget-events-list__event-title-link tribe-common-anchor-thin\"\n\t>\n\t\tFUZZ FUZZ FUZZ ! #2\t<\/a>\n<\/h3>\n\t\t\t\t<\/header>\n\n\t\t\t\t\n\t\t\t<\/div>\n\t\t<\/article>\n\t<\/div>\n\n<\/div>\n\t\t\t\t\t\t\t\t\t<\/div>\n\n\t\t\t\t<div class=\"tribe-events-widget-events-list__view-more tribe-common-b1 tribe-common-b2--min-medium\">\n\t<a\n\t\thref=\"https:\/\/www.papalegba.fr\/events\/\"\n\t\tclass=\"tribe-events-widget-events-list__view-more-link tribe-common-anchor-thin\"\n\t\ttitle=\"View more events.\"\n\t>\n\t\tView Calendar\t<\/a>\n<\/div>\n\n\t\t\t\t\t<\/div>\n\t<\/div>\n<\/div>\n<script data-js='tribe-events-view-nonce-data' type='application\/json'>{\"tvn1\":\"d27e477cd9\",\"tvn2\":\"\"}<\/script>\n","protected":false},"excerpt":{"rendered":"","protected":false},"author":1,"featured_media":0,"parent":0,"menu_order":0,"comment_status":"closed","ping_status":"closed","template":"","meta":{"_seopress_robots_primary_cat":"","_seopress_titles_title":"Agenda","_seopress_titles_desc":"L'agenda de PAPA LEGBA RECORDS \/\/ toutes les dates de concert, ateliers, vernissages, sorties de r\u00e9sidences...","_seopress_robots_index":"","site-sidebar-layout":"default","site-content-layout":"","ast-site-content-layout":"default","site-content-style":"default","site-sidebar-style":"default","ast-global-header-display":"","ast-banner-title-visibility":"","ast-main-header-display":"","ast-hfb-above-header-display":"","ast-hfb-below-header-display":"","ast-hfb-mobile-header-display":"","site-post-title":"disabled","ast-breadcrumbs-content":"","ast-featured-img":"","footer-sml-layout":"","ast-disable-related-posts":"","theme-transparent-header-meta":"","adv-header-id-meta":"","stick-header-meta":"","header-above-stick-meta":"","header-main-stick-meta":"","header-below-stick-meta":"","astra-migrate-meta-layouts":"default","ast-page-background-enabled":"default","ast-page-background-meta":{"desktop":{"background-color":"var(--ast-global-color-5)","background-image":"","background-repeat":"repeat","background-position":"center center","background-size":"auto","background-attachment":"scroll","background-type":"","background-media":"","overlay-type":"","overlay-color":"","overlay-opacity":"","overlay-gradient":""},"tablet":{"background-color":"","background-image":"","background-repeat":"repeat","background-position":"center center","background-size":"auto","background-attachment":"scroll","background-type":"","background-media":"","overlay-type":"","overlay-color":"","overlay-opacity":"","overlay-gradient":""},"mobile":{"background-color":"","background-image":"","background-repeat":"repeat","background-position":"center center","background-size":"auto","background-attachment":"scroll","background-type":"","background-media":"","overlay-type":"","overlay-color":"","overlay-opacity":"","overlay-gradient":""}},"ast-content-background-meta":{"desktop":{"background-color":"var(--ast-global-color-4)","background-image":"","background-repeat":"repeat","background-position":"center center","background-size":"auto","background-attachment":"scroll","background-type":"","background-media":"","overlay-type":"","overlay-color":"","overlay-opacity":"","overlay-gradient":""},"tablet":{"background-color":"var(--ast-global-color-4)","background-image":"","background-repeat":"repeat","background-position":"center center","background-size":"auto","background-attachment":"scroll","background-type":"","background-media":"","overlay-type":"","overlay-color":"","overlay-opacity":"","overlay-gradient":""},"mobile":{"background-color":"var(--ast-global-color-4)","background-image":"","background-repeat":"repeat","background-position":"center center","background-size":"auto","background-attachment":"scroll","background-type":"","background-media":"","overlay-type":"","overlay-color":"","overlay-opacity":"","overlay-gradient":""}},"footnotes":""},"class_list":["post-94","page","type-page","status-publish","hentry"],"yoast_head":"<!-- This site is optimized with the Yoast SEO plugin v27.3 - https:\/\/yoast.com\/product\/yoast-seo-wordpress\/ -->\n<title>AGENDA - PAPA LEGBA RECORDS<\/title>\n<meta name=\"description\" content=\"Papa Legba \/\/ Garage music from South-West France \/\/ Bands, Recording Studio \/\/ GRAV&#039;s, Diente de Oro, Los Sharknados, ACID TEST II \/\/\" \/>\n<meta name=\"robots\" content=\"index, follow, max-snippet:-1, max-image-preview:large, max-video-preview:-1\" \/>\n<link rel=\"canonical\" href=\"https:\/\/www.papalegba.fr\/index.php\/agenda\/\" \/>\n<meta property=\"og:locale\" content=\"en_US\" \/>\n<meta property=\"og:type\" content=\"article\" \/>\n<meta property=\"og:title\" content=\"AGENDA - PAPA LEGBA RECORDS\" \/>\n<meta property=\"og:description\" content=\"Papa Legba \/\/ Garage music from South-West France \/\/ Bands, Recording Studio \/\/ GRAV&#039;s, Diente de Oro, Los Sharknados, ACID TEST II \/\/\" \/>\n<meta property=\"og:url\" content=\"https:\/\/www.papalegba.fr\/index.php\/agenda\/\" \/>\n<meta property=\"og:site_name\" content=\"PAPA LEGBA RECORDS\" \/>\n<meta property=\"article:publisher\" content=\"https:\/\/www.facebook.com\/papalegbaofficiel\" \/>\n<meta property=\"article:modified_time\" content=\"2026-02-12T21:59:42+00:00\" \/>\n<meta name=\"twitter:card\" content=\"summary_large_image\" \/>\n<meta name=\"twitter:label1\" content=\"Est. reading time\" \/>\n\t<meta name=\"twitter:data1\" content=\"1 minute\" \/>\n<script type=\"application\/ld+json\" class=\"yoast-schema-graph\">{\"@context\":\"https:\\\/\\\/schema.org\",\"@graph\":[{\"@type\":\"WebPage\",\"@id\":\"https:\\\/\\\/www.papalegba.fr\\\/index.php\\\/agenda\\\/\",\"url\":\"https:\\\/\\\/www.papalegba.fr\\\/index.php\\\/agenda\\\/\",\"name\":\"AGENDA - PAPA LEGBA RECORDS\",\"isPartOf\":{\"@id\":\"https:\\\/\\\/www.papalegba.fr\\\/#website\"},\"primaryImageOfPage\":{\"@id\":\"https:\\\/\\\/www.papalegba.fr\\\/index.php\\\/agenda\\\/#primaryimage\"},\"image\":{\"@id\":\"https:\\\/\\\/www.papalegba.fr\\\/index.php\\\/agenda\\\/#primaryimage\"},\"thumbnailUrl\":\"http:\\\/\\\/www.papalegba.fr\\\/wp-content\\\/uploads\\\/2026\\\/01\\\/80PX-1024x68.png\",\"datePublished\":\"2023-02-07T08:03:04+00:00\",\"dateModified\":\"2026-02-12T21:59:42+00:00\",\"description\":\"Papa Legba \\\/\\\/ Garage music from South-West France \\\/\\\/ Bands, Recording Studio \\\/\\\/ GRAV's, Diente de Oro, Los Sharknados, ACID TEST II \\\/\\\/\",\"breadcrumb\":{\"@id\":\"https:\\\/\\\/www.papalegba.fr\\\/index.php\\\/agenda\\\/#breadcrumb\"},\"inLanguage\":\"en-US\",\"potentialAction\":[{\"@type\":\"ReadAction\",\"target\":[\"https:\\\/\\\/www.papalegba.fr\\\/index.php\\\/agenda\\\/\"]}]},{\"@type\":\"ImageObject\",\"inLanguage\":\"en-US\",\"@id\":\"https:\\\/\\\/www.papalegba.fr\\\/index.php\\\/agenda\\\/#primaryimage\",\"url\":\"\",\"contentUrl\":\"\"},{\"@type\":\"BreadcrumbList\",\"@id\":\"https:\\\/\\\/www.papalegba.fr\\\/index.php\\\/agenda\\\/#breadcrumb\",\"itemListElement\":[{\"@type\":\"ListItem\",\"position\":1,\"name\":\"Accueil\",\"item\":\"https:\\\/\\\/www.papalegba.fr\\\/\"},{\"@type\":\"ListItem\",\"position\":2,\"name\":\"AGENDA\"}]},{\"@type\":\"WebSite\",\"@id\":\"https:\\\/\\\/www.papalegba.fr\\\/#website\",\"url\":\"https:\\\/\\\/www.papalegba.fr\\\/\",\"name\":\"PAPA LEGBA RECORDS\",\"description\":\"\",\"publisher\":{\"@id\":\"https:\\\/\\\/www.papalegba.fr\\\/#organization\"},\"potentialAction\":[{\"@type\":\"SearchAction\",\"target\":{\"@type\":\"EntryPoint\",\"urlTemplate\":\"https:\\\/\\\/www.papalegba.fr\\\/?s={search_term_string}\"},\"query-input\":{\"@type\":\"PropertyValueSpecification\",\"valueRequired\":true,\"valueName\":\"search_term_string\"}}],\"inLanguage\":\"en-US\"},{\"@type\":\"Organization\",\"@id\":\"https:\\\/\\\/www.papalegba.fr\\\/#organization\",\"name\":\"PAPA LEGBA RECORDS\",\"url\":\"https:\\\/\\\/www.papalegba.fr\\\/\",\"logo\":{\"@type\":\"ImageObject\",\"inLanguage\":\"en-US\",\"@id\":\"https:\\\/\\\/www.papalegba.fr\\\/#\\\/schema\\\/logo\\\/image\\\/\",\"url\":\"http:\\\/\\\/www.papalegba.fr\\\/wp-content\\\/uploads\\\/2023\\\/02\\\/Logo-Papa-Legba-copie.gif\",\"contentUrl\":\"http:\\\/\\\/www.papalegba.fr\\\/wp-content\\\/uploads\\\/2023\\\/02\\\/Logo-Papa-Legba-copie.gif\",\"width\":610,\"height\":610,\"caption\":\"PAPA LEGBA RECORDS\"},\"image\":{\"@id\":\"https:\\\/\\\/www.papalegba.fr\\\/#\\\/schema\\\/logo\\\/image\\\/\"},\"sameAs\":[\"https:\\\/\\\/www.facebook.com\\\/papalegbaofficiel\",\"https:\\\/\\\/www.instagram.com\\\/papa_legba_recordings\\\/\"]}]}<\/script>\n<!-- \/ Yoast SEO plugin. -->","yoast_head_json":{"title":"AGENDA - PAPA LEGBA RECORDS","description":"Papa Legba \/\/ Garage music from South-West France \/\/ Bands, Recording Studio \/\/ GRAV's, Diente de Oro, Los Sharknados, ACID TEST II \/\/","robots":{"index":"index","follow":"follow","max-snippet":"max-snippet:-1","max-image-preview":"max-image-preview:large","max-video-preview":"max-video-preview:-1"},"canonical":"https:\/\/www.papalegba.fr\/index.php\/agenda\/","og_locale":"en_US","og_type":"article","og_title":"AGENDA - PAPA LEGBA RECORDS","og_description":"Papa Legba \/\/ Garage music from South-West France \/\/ Bands, Recording Studio \/\/ GRAV's, Diente de Oro, Los Sharknados, ACID TEST II \/\/","og_url":"https:\/\/www.papalegba.fr\/index.php\/agenda\/","og_site_name":"PAPA LEGBA RECORDS","article_publisher":"https:\/\/www.facebook.com\/papalegbaofficiel","article_modified_time":"2026-02-12T21:59:42+00:00","twitter_card":"summary_large_image","twitter_misc":{"Est. reading time":"1 minute"},"schema":{"@context":"https:\/\/schema.org","@graph":[{"@type":"WebPage","@id":"https:\/\/www.papalegba.fr\/index.php\/agenda\/","url":"https:\/\/www.papalegba.fr\/index.php\/agenda\/","name":"AGENDA - PAPA LEGBA RECORDS","isPartOf":{"@id":"https:\/\/www.papalegba.fr\/#website"},"primaryImageOfPage":{"@id":"https:\/\/www.papalegba.fr\/index.php\/agenda\/#primaryimage"},"image":{"@id":"https:\/\/www.papalegba.fr\/index.php\/agenda\/#primaryimage"},"thumbnailUrl":"http:\/\/www.papalegba.fr\/wp-content\/uploads\/2026\/01\/80PX-1024x68.png","datePublished":"2023-02-07T08:03:04+00:00","dateModified":"2026-02-12T21:59:42+00:00","description":"Papa Legba \/\/ Garage music from South-West France \/\/ Bands, Recording Studio \/\/ GRAV's, Diente de Oro, Los Sharknados, ACID TEST II \/\/","breadcrumb":{"@id":"https:\/\/www.papalegba.fr\/index.php\/agenda\/#breadcrumb"},"inLanguage":"en-US","potentialAction":[{"@type":"ReadAction","target":["https:\/\/www.papalegba.fr\/index.php\/agenda\/"]}]},{"@type":"ImageObject","inLanguage":"en-US","@id":"https:\/\/www.papalegba.fr\/index.php\/agenda\/#primaryimage","url":"","contentUrl":""},{"@type":"BreadcrumbList","@id":"https:\/\/www.papalegba.fr\/index.php\/agenda\/#breadcrumb","itemListElement":[{"@type":"ListItem","position":1,"name":"Accueil","item":"https:\/\/www.papalegba.fr\/"},{"@type":"ListItem","position":2,"name":"AGENDA"}]},{"@type":"WebSite","@id":"https:\/\/www.papalegba.fr\/#website","url":"https:\/\/www.papalegba.fr\/","name":"PAPA LEGBA RECORDS","description":"","publisher":{"@id":"https:\/\/www.papalegba.fr\/#organization"},"potentialAction":[{"@type":"SearchAction","target":{"@type":"EntryPoint","urlTemplate":"https:\/\/www.papalegba.fr\/?s={search_term_string}"},"query-input":{"@type":"PropertyValueSpecification","valueRequired":true,"valueName":"search_term_string"}}],"inLanguage":"en-US"},{"@type":"Organization","@id":"https:\/\/www.papalegba.fr\/#organization","name":"PAPA LEGBA RECORDS","url":"https:\/\/www.papalegba.fr\/","logo":{"@type":"ImageObject","inLanguage":"en-US","@id":"https:\/\/www.papalegba.fr\/#\/schema\/logo\/image\/","url":"http:\/\/www.papalegba.fr\/wp-content\/uploads\/2023\/02\/Logo-Papa-Legba-copie.gif","contentUrl":"http:\/\/www.papalegba.fr\/wp-content\/uploads\/2023\/02\/Logo-Papa-Legba-copie.gif","width":610,"height":610,"caption":"PAPA LEGBA RECORDS"},"image":{"@id":"https:\/\/www.papalegba.fr\/#\/schema\/logo\/image\/"},"sameAs":["https:\/\/www.facebook.com\/papalegbaofficiel","https:\/\/www.instagram.com\/papa_legba_recordings\/"]}]}},"jetpack_sharing_enabled":true,"_links":{"self":[{"href":"https:\/\/www.papalegba.fr\/index.php\/wp-json\/wp\/v2\/pages\/94","targetHints":{"allow":["GET"]}}],"collection":[{"href":"https:\/\/www.papalegba.fr\/index.php\/wp-json\/wp\/v2\/pages"}],"about":[{"href":"https:\/\/www.papalegba.fr\/index.php\/wp-json\/wp\/v2\/types\/page"}],"author":[{"embeddable":true,"href":"https:\/\/www.papalegba.fr\/index.php\/wp-json\/wp\/v2\/users\/1"}],"replies":[{"embeddable":true,"href":"https:\/\/www.papalegba.fr\/index.php\/wp-json\/wp\/v2\/comments?post=94"}],"version-history":[{"count":127,"href":"https:\/\/www.papalegba.fr\/index.php\/wp-json\/wp\/v2\/pages\/94\/revisions"}],"predecessor-version":[{"id":1872,"href":"https:\/\/www.papalegba.fr\/index.php\/wp-json\/wp\/v2\/pages\/94\/revisions\/1872"}],"wp:attachment":[{"href":"https:\/\/www.papalegba.fr\/index.php\/wp-json\/wp\/v2\/media?parent=94"}],"curies":[{"name":"wp","href":"https:\/\/api.w.org\/{rel}","templated":true}]}}