{"id":2079,"date":"2026-02-11T20:36:00","date_gmt":"2026-02-11T19:36:00","guid":{"rendered":"https:\/\/www.papalegba.fr\/?page_id=2079"},"modified":"2026-02-13T01:20:14","modified_gmt":"2026-02-13T00:20:14","slug":"les-cool-cash-flex-2","status":"publish","type":"page","link":"https:\/\/www.papalegba.fr\/index.php\/les-cool-cash-flex-2\/","title":{"rendered":"LES COOL CASH FLEX"},"content":{"rendered":"\n<figure class=\"wp-block-image size-large  wpopus-hide-on-tablet wpopus-hide-on-mobile\" style=\"margin-top:0;margin-right:0;margin-bottom:0;margin-left:0\"><img alt=\"\" loading=\"lazy\" decoding=\"async\" width=\"1024\" height=\"68\" src=\"http:\/\/www.papalegba.fr\/wp-content\/uploads\/2026\/02\/80PX-1024x68.png\" alt=\"\" class=\"wp-image-2025\" srcset=\"https:\/\/www.papalegba.fr\/wp-content\/uploads\/2026\/02\/80PX-1024x68.png 1024w, https:\/\/www.papalegba.fr\/wp-content\/uploads\/2026\/02\/80PX-300x20.png 300w, https:\/\/www.papalegba.fr\/wp-content\/uploads\/2026\/02\/80PX-768x51.png 768w, https:\/\/www.papalegba.fr\/wp-content\/uploads\/2026\/02\/80PX-200x13.png 200w, https:\/\/www.papalegba.fr\/wp-content\/uploads\/2026\/02\/80PX-600x40.png 600w, https:\/\/www.papalegba.fr\/wp-content\/uploads\/2026\/02\/80PX.png 1200w\" sizes=\"auto, (max-width: 1024px) 100vw, 1024px\" \/><\/figure>\n\n\n\n<div class=\"wp-block-cover alignfull is-light\"><img alt=\"\" loading=\"lazy\" decoding=\"async\" width=\"683\" height=\"1024\" class=\"wp-block-cover__image-background wp-image-1917 size-large\" alt=\"\" src=\"http:\/\/www.papalegba.fr\/wp-content\/uploads\/2026\/01\/Les-cool-cash-flex-683x1024.png\" style=\"object-position:55% 0%\" data-object-fit=\"cover\" data-object-position=\"55% 0%\" srcset=\"https:\/\/www.papalegba.fr\/wp-content\/uploads\/2026\/01\/Les-cool-cash-flex-683x1024.png 683w, https:\/\/www.papalegba.fr\/wp-content\/uploads\/2026\/01\/Les-cool-cash-flex-200x300.png 200w, https:\/\/www.papalegba.fr\/wp-content\/uploads\/2026\/01\/Les-cool-cash-flex-768x1152.png 768w, https:\/\/www.papalegba.fr\/wp-content\/uploads\/2026\/01\/Les-cool-cash-flex-1024x1536.png 1024w, https:\/\/www.papalegba.fr\/wp-content\/uploads\/2026\/01\/Les-cool-cash-flex-1365x2048.png 1365w, https:\/\/www.papalegba.fr\/wp-content\/uploads\/2026\/01\/Les-cool-cash-flex-600x900.png 600w, https:\/\/www.papalegba.fr\/wp-content\/uploads\/2026\/01\/Les-cool-cash-flex-scaled.png 1707w\" sizes=\"auto, (max-width: 683px) 100vw, 683px\" \/><span aria-hidden=\"true\" class=\"wp-block-cover__background has-background-dim\" style=\"background-color:#8e93b3\"><\/span><div class=\"wp-block-cover__inner-container is-layout-flow wp-block-cover-is-layout-flow\">\n<div class=\"wp-block-columns is-layout-flex wp-container-core-columns-is-layout-28f84493 wp-block-columns-is-layout-flex\">\n<div class=\"wp-block-column is-layout-flow wp-block-column-is-layout-flow\">\n<h2 class=\"wp-block-heading has-ast-global-color-4-color has-text-color has-link-color wp-elements-e7d184d9e1fd7cf0e3365ca8b2eac7a2\" style=\"margin-top:0;margin-right:0;margin-bottom:0;margin-left:0;padding-top:0;padding-bottom:0\">LES COOL CASH FLEX<\/h2>\n\n\n\n<p class=\"has-text-align-right has-ast-global-color-4-color has-text-color has-link-color wp-elements-9b8ab03a9028a065f16cd8bab2dbd841\" style=\"margin-top:0;margin-bottom:0\"><em>Hard Pop Disruptive &#8211; Toulouse, 31<\/em><\/p>\n\n\n\n<p class=\"has-text-align-left has-ast-global-color-4-color has-text-color has-link-color wp-elements-843628568b0f74fde1fead3a53622d60\"><strong><em>Les Cool Cash Flex c\u2019est de la musique et du th\u00e9\u00e2tre, un humour grin\u00e7ant, des th\u00e8mes d\u2019actualit\u00e9 et beaucoup, beaucoup, d\u2019\u00e9nergie !<\/em><\/strong><\/p>\n\n\n\n<p class=\"has-ast-global-color-4-color has-text-color has-link-color wp-elements-5721bc5317cb058927fffc09450c7b27\"><strong><em>Ces quatre artistes Toulousains offrent au public un savant m\u00e9lange \u00e0 la crois\u00e9e de plusieurs styles musicaux. Ils empruntent au rock un son d\u00e9jant\u00e9, au punk une \u00e9nergie impressionnante, \u00e0 la langue fran\u00e7aise l\u2019amour du verbe.<\/em><\/strong><\/p>\n\n\n\n<p class=\"has-text-align-left has-ast-global-color-4-color has-text-color has-link-color wp-elements-ca57c60f388c36cbcb06f86c1ba6601c\"><em><strong>Au plateau : Guitares \u00e9lectriques, ukul\u00e9l\u00e9, basse, batterie, quatre voix et accessoires bruyants en tous genres&#8230;<br>Leur style? La hard pop disruptive ! Un m\u00e9lange de styles et une plume satyrique, entre Carlos et Eminem<\/strong>.<\/em><br><\/p>\n<\/div>\n\n\n\n<div class=\"wp-block-column is-layout-flow wp-block-column-is-layout-flow\">\n<figure class=\"wp-block-embed is-type-video is-provider-youtube wp-block-embed-youtube wp-embed-aspect-16-9 wp-has-aspect-ratio\"><div class=\"wp-block-embed__wrapper\">\n<iframe loading=\"lazy\"  id=\"_ytid_70111\"  width=\"880\" height=\"495\"  data-origwidth=\"880\" data-origheight=\"495\" src=\"https:\/\/www.youtube.com\/embed\/?enablejsapi=1&#038;list=PLLnD4XCzJq4o4SHqs6gOrYNmIp4vd5Wgg&#038;autoplay=0&#038;cc_load_policy=0&#038;cc_lang_pref=&#038;iv_load_policy=1&#038;loop=0&#038;rel=1&#038;fs=1&#038;playsinline=0&#038;autohide=2&#038;theme=dark&#038;color=red&#038;controls=1&#038;disablekb=0&#038;\" class=\"__youtube_prefs__  epyt-is-override  no-lazyload\" title=\"YouTube player\"  allow=\"fullscreen; accelerometer; autoplay; clipboard-write; encrypted-media; gyroscope; picture-in-picture; web-share\" referrerpolicy=\"strict-origin-when-cross-origin\" allowfullscreen data-no-lazy=\"1\" data-skipgform_ajax_framebjll=\"\"><\/iframe>\n<\/div><\/figure>\n<\/div>\n<\/div>\n\n\n\n<div class=\"wp-block-columns is-layout-flex wp-container-core-columns-is-layout-28f84493 wp-block-columns-is-layout-flex\">\n<div class=\"wp-block-column is-layout-flow wp-block-column-is-layout-flow\">\n<figure class=\"wp-block-embed is-type-video is-provider-youtube wp-block-embed-youtube wp-embed-aspect-16-9 wp-has-aspect-ratio\" style=\"margin-top:0;margin-right:0;margin-bottom:0;margin-left:0\"><div class=\"wp-block-embed__wrapper\">\n<iframe loading=\"lazy\"  id=\"_ytid_66101\"  width=\"880\" height=\"495\"  data-origwidth=\"880\" data-origheight=\"495\" src=\"https:\/\/www.youtube.com\/embed\/8q0fIp7fwDA?enablejsapi=1&#038;autoplay=0&#038;cc_load_policy=0&#038;cc_lang_pref=&#038;iv_load_policy=1&#038;loop=0&#038;rel=1&#038;fs=1&#038;playsinline=0&#038;autohide=2&#038;theme=dark&#038;color=red&#038;controls=1&#038;disablekb=0&#038;\" class=\"__youtube_prefs__  epyt-is-override  no-lazyload\" title=\"YouTube player\"  allow=\"fullscreen; accelerometer; autoplay; clipboard-write; encrypted-media; gyroscope; picture-in-picture; web-share\" referrerpolicy=\"strict-origin-when-cross-origin\" allowfullscreen data-no-lazy=\"1\" data-skipgform_ajax_framebjll=\"\"><\/iframe>\n<\/div><\/figure>\n<\/div>\n\n\n\n<div class=\"wp-block-column is-layout-flow wp-block-column-is-layout-flow\">\n<figure class=\"wp-block-embed is-type-video is-provider-youtube wp-block-embed-youtube wp-embed-aspect-16-9 wp-has-aspect-ratio\"><div class=\"wp-block-embed__wrapper\">\n<iframe loading=\"lazy\"  id=\"_ytid_81499\"  width=\"880\" height=\"495\"  data-origwidth=\"880\" data-origheight=\"495\" src=\"https:\/\/www.youtube.com\/embed\/nZTDI42TOUg?enablejsapi=1&#038;autoplay=0&#038;cc_load_policy=0&#038;cc_lang_pref=&#038;iv_load_policy=1&#038;loop=0&#038;rel=1&#038;fs=1&#038;playsinline=0&#038;autohide=2&#038;theme=dark&#038;color=red&#038;controls=1&#038;disablekb=0&#038;\" class=\"__youtube_prefs__  epyt-is-override  no-lazyload\" title=\"YouTube player\"  allow=\"fullscreen; accelerometer; autoplay; clipboard-write; encrypted-media; gyroscope; picture-in-picture; web-share\" referrerpolicy=\"strict-origin-when-cross-origin\" allowfullscreen data-no-lazy=\"1\" data-skipgform_ajax_framebjll=\"\"><\/iframe>\n<\/div><\/figure>\n<\/div>\n<\/div>\n\n\n\n<div class=\"wp-block-columns is-layout-flex wp-container-core-columns-is-layout-28f84493 wp-block-columns-is-layout-flex\">\n<div class=\"wp-block-column is-layout-flow wp-block-column-is-layout-flow\">\n<figure class=\"wp-block-embed is-type-video is-provider-youtube wp-block-embed-youtube wp-embed-aspect-16-9 wp-has-aspect-ratio\"><div class=\"wp-block-embed__wrapper\">\n<iframe loading=\"lazy\"  id=\"_ytid_15714\"  width=\"880\" height=\"495\"  data-origwidth=\"880\" data-origheight=\"495\" src=\"https:\/\/www.youtube.com\/embed\/ASji5nntI0k?enablejsapi=1&#038;autoplay=0&#038;cc_load_policy=0&#038;cc_lang_pref=&#038;iv_load_policy=1&#038;loop=0&#038;rel=1&#038;fs=1&#038;playsinline=0&#038;autohide=2&#038;theme=dark&#038;color=red&#038;controls=1&#038;disablekb=0&#038;\" class=\"__youtube_prefs__  epyt-is-override  no-lazyload\" title=\"YouTube player\"  allow=\"fullscreen; accelerometer; autoplay; clipboard-write; encrypted-media; gyroscope; picture-in-picture; web-share\" referrerpolicy=\"strict-origin-when-cross-origin\" allowfullscreen data-no-lazy=\"1\" data-skipgform_ajax_framebjll=\"\"><\/iframe>\n<\/div><\/figure>\n<\/div>\n\n\n\n<div class=\"wp-block-column is-layout-flow wp-block-column-is-layout-flow\">\n<figure class=\"wp-block-embed is-type-video is-provider-youtube wp-block-embed-youtube wp-embed-aspect-4-3 wp-has-aspect-ratio\"><div class=\"wp-block-embed__wrapper\">\n<iframe loading=\"lazy\"  id=\"_ytid_26953\"  width=\"880\" height=\"495\"  data-origwidth=\"880\" data-origheight=\"495\" src=\"https:\/\/www.youtube.com\/embed\/PmBNETEClx8?enablejsapi=1&#038;autoplay=0&#038;cc_load_policy=0&#038;cc_lang_pref=&#038;iv_load_policy=1&#038;loop=0&#038;rel=1&#038;fs=1&#038;playsinline=0&#038;autohide=2&#038;theme=dark&#038;color=red&#038;controls=1&#038;disablekb=0&#038;\" class=\"__youtube_prefs__  epyt-is-override  no-lazyload\" title=\"YouTube player\"  allow=\"fullscreen; accelerometer; autoplay; clipboard-write; encrypted-media; gyroscope; picture-in-picture; web-share\" referrerpolicy=\"strict-origin-when-cross-origin\" allowfullscreen data-no-lazy=\"1\" data-skipgform_ajax_framebjll=\"\"><\/iframe>\n<\/div><\/figure>\n<\/div>\n<\/div>\n<\/div><\/div>\n\n\n\n<h2 class=\"wp-block-heading has-text-align-center\" style=\"margin-top:var(--wp--preset--spacing--50);margin-bottom:var(--wp--preset--spacing--50)\">Retrouvez LES COOL CASH FLEX sur :<\/h2>\n\n\n\n<div class=\"wp-block-columns is-layout-flex wp-container-core-columns-is-layout-73e09c0f wp-block-columns-is-layout-flex\" style=\"border-top-left-radius:8px;border-top-right-radius:8px;border-bottom-left-radius:8px;border-bottom-right-radius:8px;margin-top:0;margin-bottom:0;padding-top:0;padding-right:0;padding-bottom:0;padding-left:0\">\n<div class=\"wp-block-column has-background is-layout-flow wp-block-column-is-layout-flow\" style=\"background:linear-gradient(135deg,rgba(191,152,250,0.67) 0%,rgba(199,82,191,0.53) 50%,rgba(65,89,209,0.93) 100%);padding-top:var(--wp--preset--spacing--50);padding-bottom:var(--wp--preset--spacing--50)\">\n<h2 class=\"wp-block-heading has-text-align-center has-ast-global-color-4-color has-text-color has-link-color wp-elements-fbf828b490975186ccf449cf740d7e10\">LES R\u00c9SEAUX<\/h2>\n\n\n\n<ul class=\"wp-block-social-links has-large-icon-size is-style-default is-content-justification-center is-layout-flex wp-container-core-social-links-is-layout-a89b3969 wp-block-social-links-is-layout-flex\"><li class=\"wp-social-link wp-social-link-facebook  wp-block-social-link\"><a href=\"https:\/\/www.facebook.com\/lescoolcashflex\/\" class=\"wp-block-social-link-anchor\"><svg width=\"24\" height=\"24\" viewBox=\"0 0 24 24\" version=\"1.1\" xmlns=\"http:\/\/www.w3.org\/2000\/svg\" aria-hidden=\"true\" focusable=\"false\"><path d=\"M12 2C6.5 2 2 6.5 2 12c0 5 3.7 9.1 8.4 9.9v-7H7.9V12h2.5V9.8c0-2.5 1.5-3.9 3.8-3.9 1.1 0 2.2.2 2.2.2v2.5h-1.3c-1.2 0-1.6.8-1.6 1.6V12h2.8l-.4 2.9h-2.3v7C18.3 21.1 22 17 22 12c0-5.5-4.5-10-10-10z\"><\/path><\/svg><span class=\"wp-block-social-link-label screen-reader-text\">Facebook<\/span><\/a><\/li>\n\n<li class=\"wp-social-link wp-social-link-instagram  wp-block-social-link\"><a href=\"https:\/\/www.instagram.com\/lescoolcashflex\/\" class=\"wp-block-social-link-anchor\"><svg width=\"24\" height=\"24\" viewBox=\"0 0 24 24\" version=\"1.1\" xmlns=\"http:\/\/www.w3.org\/2000\/svg\" aria-hidden=\"true\" focusable=\"false\"><path d=\"M12,4.622c2.403,0,2.688,0.009,3.637,0.052c0.877,0.04,1.354,0.187,1.671,0.31c0.42,0.163,0.72,0.358,1.035,0.673 c0.315,0.315,0.51,0.615,0.673,1.035c0.123,0.317,0.27,0.794,0.31,1.671c0.043,0.949,0.052,1.234,0.052,3.637 s-0.009,2.688-0.052,3.637c-0.04,0.877-0.187,1.354-0.31,1.671c-0.163,0.42-0.358,0.72-0.673,1.035 c-0.315,0.315-0.615,0.51-1.035,0.673c-0.317,0.123-0.794,0.27-1.671,0.31c-0.949,0.043-1.233,0.052-3.637,0.052 s-2.688-0.009-3.637-0.052c-0.877-0.04-1.354-0.187-1.671-0.31c-0.42-0.163-0.72-0.358-1.035-0.673 c-0.315-0.315-0.51-0.615-0.673-1.035c-0.123-0.317-0.27-0.794-0.31-1.671C4.631,14.688,4.622,14.403,4.622,12 s0.009-2.688,0.052-3.637c0.04-0.877,0.187-1.354,0.31-1.671c0.163-0.42,0.358-0.72,0.673-1.035 c0.315-0.315,0.615-0.51,1.035-0.673c0.317-0.123,0.794-0.27,1.671-0.31C9.312,4.631,9.597,4.622,12,4.622 M12,3 C9.556,3,9.249,3.01,8.289,3.054C7.331,3.098,6.677,3.25,6.105,3.472C5.513,3.702,5.011,4.01,4.511,4.511 c-0.5,0.5-0.808,1.002-1.038,1.594C3.25,6.677,3.098,7.331,3.054,8.289C3.01,9.249,3,9.556,3,12c0,2.444,0.01,2.751,0.054,3.711 c0.044,0.958,0.196,1.612,0.418,2.185c0.23,0.592,0.538,1.094,1.038,1.594c0.5,0.5,1.002,0.808,1.594,1.038 c0.572,0.222,1.227,0.375,2.185,0.418C9.249,20.99,9.556,21,12,21s2.751-0.01,3.711-0.054c0.958-0.044,1.612-0.196,2.185-0.418 c0.592-0.23,1.094-0.538,1.594-1.038c0.5-0.5,0.808-1.002,1.038-1.594c0.222-0.572,0.375-1.227,0.418-2.185 C20.99,14.751,21,14.444,21,12s-0.01-2.751-0.054-3.711c-0.044-0.958-0.196-1.612-0.418-2.185c-0.23-0.592-0.538-1.094-1.038-1.594 c-0.5-0.5-1.002-0.808-1.594-1.038c-0.572-0.222-1.227-0.375-2.185-0.418C14.751,3.01,14.444,3,12,3L12,3z M12,7.378 c-2.552,0-4.622,2.069-4.622,4.622S9.448,16.622,12,16.622s4.622-2.069,4.622-4.622S14.552,7.378,12,7.378z M12,15 c-1.657,0-3-1.343-3-3s1.343-3,3-3s3,1.343,3,3S13.657,15,12,15z M16.804,6.116c-0.596,0-1.08,0.484-1.08,1.08 s0.484,1.08,1.08,1.08c0.596,0,1.08-0.484,1.08-1.08S17.401,6.116,16.804,6.116z\"><\/path><\/svg><span class=\"wp-block-social-link-label screen-reader-text\">Instagram<\/span><\/a><\/li><\/ul>\n<\/div>\n<\/div>\n","protected":false},"excerpt":{"rendered":"<p>Retrouvez LES COOL CASH FLEX sur : LES R\u00c9SEAUX<\/p>\n","protected":false},"author":1,"featured_media":0,"parent":0,"menu_order":0,"comment_status":"closed","ping_status":"closed","template":"","meta":{"_seopress_robots_primary_cat":"","_seopress_titles_title":"","_seopress_titles_desc":"","_seopress_robots_index":"","site-sidebar-layout":"default","site-content-layout":"","ast-site-content-layout":"default","site-content-style":"default","site-sidebar-style":"default","ast-global-header-display":"","ast-banner-title-visibility":"","ast-main-header-display":"","ast-hfb-above-header-display":"","ast-hfb-below-header-display":"","ast-hfb-mobile-header-display":"","site-post-title":"disabled","ast-breadcrumbs-content":"","ast-featured-img":"","footer-sml-layout":"","ast-disable-related-posts":"","theme-transparent-header-meta":"","adv-header-id-meta":"","stick-header-meta":"","header-above-stick-meta":"","header-main-stick-meta":"","header-below-stick-meta":"","astra-migrate-meta-layouts":"default","ast-page-background-enabled":"default","ast-page-background-meta":{"desktop":{"background-color":"var(--ast-global-color-5)","background-image":"","background-repeat":"repeat","background-position":"center center","background-size":"auto","background-attachment":"scroll","background-type":"","background-media":"","overlay-type":"","overlay-color":"","overlay-opacity":"","overlay-gradient":""},"tablet":{"background-color":"","background-image":"","background-repeat":"repeat","background-position":"center center","background-size":"auto","background-attachment":"scroll","background-type":"","background-media":"","overlay-type":"","overlay-color":"","overlay-opacity":"","overlay-gradient":""},"mobile":{"background-color":"","background-image":"","background-repeat":"repeat","background-position":"center center","background-size":"auto","background-attachment":"scroll","background-type":"","background-media":"","overlay-type":"","overlay-color":"","overlay-opacity":"","overlay-gradient":""}},"ast-content-background-meta":{"desktop":{"background-color":"var(--ast-global-color-4)","background-image":"","background-repeat":"repeat","background-position":"center center","background-size":"auto","background-attachment":"scroll","background-type":"","background-media":"","overlay-type":"","overlay-color":"","overlay-opacity":"","overlay-gradient":""},"tablet":{"background-color":"var(--ast-global-color-4)","background-image":"","background-repeat":"repeat","background-position":"center center","background-size":"auto","background-attachment":"scroll","background-type":"","background-media":"","overlay-type":"","overlay-color":"","overlay-opacity":"","overlay-gradient":""},"mobile":{"background-color":"var(--ast-global-color-4)","background-image":"","background-repeat":"repeat","background-position":"center center","background-size":"auto","background-attachment":"scroll","background-type":"","background-media":"","overlay-type":"","overlay-color":"","overlay-opacity":"","overlay-gradient":""}},"footnotes":""},"class_list":["post-2079","page","type-page","status-publish","hentry"],"yoast_head":"<!-- This site is optimized with the Yoast SEO plugin v27.3 - https:\/\/yoast.com\/product\/yoast-seo-wordpress\/ -->\n<title>LES COOL CASH FLEX - PAPA LEGBA RECORDS<\/title>\n<meta name=\"robots\" content=\"index, follow, max-snippet:-1, max-image-preview:large, max-video-preview:-1\" \/>\n<link rel=\"canonical\" href=\"https:\/\/www.papalegba.fr\/index.php\/les-cool-cash-flex-2\/\" \/>\n<meta property=\"og:locale\" content=\"en_US\" \/>\n<meta property=\"og:type\" content=\"article\" \/>\n<meta property=\"og:title\" content=\"LES COOL CASH FLEX - PAPA LEGBA RECORDS\" \/>\n<meta property=\"og:description\" content=\"Retrouvez LES COOL CASH FLEX sur : LES R\u00c9SEAUX\" \/>\n<meta property=\"og:url\" content=\"https:\/\/www.papalegba.fr\/index.php\/les-cool-cash-flex-2\/\" \/>\n<meta property=\"og:site_name\" content=\"PAPA LEGBA RECORDS\" \/>\n<meta property=\"article:publisher\" content=\"https:\/\/www.facebook.com\/papalegbaofficiel\" \/>\n<meta property=\"article:modified_time\" content=\"2026-02-13T00:20:14+00:00\" \/>\n<meta property=\"og:image\" content=\"https:\/\/www.papalegba.fr\/wp-content\/uploads\/2026\/02\/80PX.png\" \/>\n\t<meta property=\"og:image:width\" content=\"1200\" \/>\n\t<meta property=\"og:image:height\" content=\"80\" \/>\n\t<meta property=\"og:image:type\" content=\"image\/png\" \/>\n<meta name=\"twitter:card\" content=\"summary_large_image\" \/>\n<meta name=\"twitter:label1\" content=\"Est. reading time\" \/>\n\t<meta name=\"twitter:data1\" content=\"1 minute\" \/>\n<script type=\"application\/ld+json\" class=\"yoast-schema-graph\">{\"@context\":\"https:\\\/\\\/schema.org\",\"@graph\":[{\"@type\":\"WebPage\",\"@id\":\"https:\\\/\\\/www.papalegba.fr\\\/index.php\\\/les-cool-cash-flex-2\\\/\",\"url\":\"https:\\\/\\\/www.papalegba.fr\\\/index.php\\\/les-cool-cash-flex-2\\\/\",\"name\":\"LES COOL CASH FLEX - PAPA LEGBA RECORDS\",\"isPartOf\":{\"@id\":\"https:\\\/\\\/www.papalegba.fr\\\/#website\"},\"primaryImageOfPage\":{\"@id\":\"https:\\\/\\\/www.papalegba.fr\\\/index.php\\\/les-cool-cash-flex-2\\\/#primaryimage\"},\"image\":{\"@id\":\"https:\\\/\\\/www.papalegba.fr\\\/index.php\\\/les-cool-cash-flex-2\\\/#primaryimage\"},\"thumbnailUrl\":\"http:\\\/\\\/www.papalegba.fr\\\/wp-content\\\/uploads\\\/2026\\\/02\\\/80PX-1024x68.png\",\"datePublished\":\"2026-02-11T19:36:00+00:00\",\"dateModified\":\"2026-02-13T00:20:14+00:00\",\"breadcrumb\":{\"@id\":\"https:\\\/\\\/www.papalegba.fr\\\/index.php\\\/les-cool-cash-flex-2\\\/#breadcrumb\"},\"inLanguage\":\"en-US\",\"potentialAction\":[{\"@type\":\"ReadAction\",\"target\":[\"https:\\\/\\\/www.papalegba.fr\\\/index.php\\\/les-cool-cash-flex-2\\\/\"]}]},{\"@type\":\"ImageObject\",\"inLanguage\":\"en-US\",\"@id\":\"https:\\\/\\\/www.papalegba.fr\\\/index.php\\\/les-cool-cash-flex-2\\\/#primaryimage\",\"url\":\"https:\\\/\\\/www.papalegba.fr\\\/wp-content\\\/uploads\\\/2026\\\/02\\\/80PX.png\",\"contentUrl\":\"https:\\\/\\\/www.papalegba.fr\\\/wp-content\\\/uploads\\\/2026\\\/02\\\/80PX.png\",\"width\":1200,\"height\":80},{\"@type\":\"BreadcrumbList\",\"@id\":\"https:\\\/\\\/www.papalegba.fr\\\/index.php\\\/les-cool-cash-flex-2\\\/#breadcrumb\",\"itemListElement\":[{\"@type\":\"ListItem\",\"position\":1,\"name\":\"Accueil\",\"item\":\"https:\\\/\\\/www.papalegba.fr\\\/\"},{\"@type\":\"ListItem\",\"position\":2,\"name\":\"LES COOL CASH FLEX\"}]},{\"@type\":\"WebSite\",\"@id\":\"https:\\\/\\\/www.papalegba.fr\\\/#website\",\"url\":\"https:\\\/\\\/www.papalegba.fr\\\/\",\"name\":\"PAPA LEGBA RECORDS\",\"description\":\"\",\"publisher\":{\"@id\":\"https:\\\/\\\/www.papalegba.fr\\\/#organization\"},\"potentialAction\":[{\"@type\":\"SearchAction\",\"target\":{\"@type\":\"EntryPoint\",\"urlTemplate\":\"https:\\\/\\\/www.papalegba.fr\\\/?s={search_term_string}\"},\"query-input\":{\"@type\":\"PropertyValueSpecification\",\"valueRequired\":true,\"valueName\":\"search_term_string\"}}],\"inLanguage\":\"en-US\"},{\"@type\":\"Organization\",\"@id\":\"https:\\\/\\\/www.papalegba.fr\\\/#organization\",\"name\":\"PAPA LEGBA RECORDS\",\"url\":\"https:\\\/\\\/www.papalegba.fr\\\/\",\"logo\":{\"@type\":\"ImageObject\",\"inLanguage\":\"en-US\",\"@id\":\"https:\\\/\\\/www.papalegba.fr\\\/#\\\/schema\\\/logo\\\/image\\\/\",\"url\":\"http:\\\/\\\/www.papalegba.fr\\\/wp-content\\\/uploads\\\/2023\\\/02\\\/Logo-Papa-Legba-copie.gif\",\"contentUrl\":\"http:\\\/\\\/www.papalegba.fr\\\/wp-content\\\/uploads\\\/2023\\\/02\\\/Logo-Papa-Legba-copie.gif\",\"width\":610,\"height\":610,\"caption\":\"PAPA LEGBA RECORDS\"},\"image\":{\"@id\":\"https:\\\/\\\/www.papalegba.fr\\\/#\\\/schema\\\/logo\\\/image\\\/\"},\"sameAs\":[\"https:\\\/\\\/www.facebook.com\\\/papalegbaofficiel\",\"https:\\\/\\\/www.instagram.com\\\/papa_legba_recordings\\\/\"]}]}<\/script>\n<!-- \/ Yoast SEO plugin. -->","yoast_head_json":{"title":"LES COOL CASH FLEX - PAPA LEGBA RECORDS","robots":{"index":"index","follow":"follow","max-snippet":"max-snippet:-1","max-image-preview":"max-image-preview:large","max-video-preview":"max-video-preview:-1"},"canonical":"https:\/\/www.papalegba.fr\/index.php\/les-cool-cash-flex-2\/","og_locale":"en_US","og_type":"article","og_title":"LES COOL CASH FLEX - PAPA LEGBA RECORDS","og_description":"Retrouvez LES COOL CASH FLEX sur : LES R\u00c9SEAUX","og_url":"https:\/\/www.papalegba.fr\/index.php\/les-cool-cash-flex-2\/","og_site_name":"PAPA LEGBA RECORDS","article_publisher":"https:\/\/www.facebook.com\/papalegbaofficiel","article_modified_time":"2026-02-13T00:20:14+00:00","og_image":[{"width":1200,"height":80,"url":"https:\/\/www.papalegba.fr\/wp-content\/uploads\/2026\/02\/80PX.png","type":"image\/png"}],"twitter_card":"summary_large_image","twitter_misc":{"Est. reading time":"1 minute"},"schema":{"@context":"https:\/\/schema.org","@graph":[{"@type":"WebPage","@id":"https:\/\/www.papalegba.fr\/index.php\/les-cool-cash-flex-2\/","url":"https:\/\/www.papalegba.fr\/index.php\/les-cool-cash-flex-2\/","name":"LES COOL CASH FLEX - PAPA LEGBA RECORDS","isPartOf":{"@id":"https:\/\/www.papalegba.fr\/#website"},"primaryImageOfPage":{"@id":"https:\/\/www.papalegba.fr\/index.php\/les-cool-cash-flex-2\/#primaryimage"},"image":{"@id":"https:\/\/www.papalegba.fr\/index.php\/les-cool-cash-flex-2\/#primaryimage"},"thumbnailUrl":"http:\/\/www.papalegba.fr\/wp-content\/uploads\/2026\/02\/80PX-1024x68.png","datePublished":"2026-02-11T19:36:00+00:00","dateModified":"2026-02-13T00:20:14+00:00","breadcrumb":{"@id":"https:\/\/www.papalegba.fr\/index.php\/les-cool-cash-flex-2\/#breadcrumb"},"inLanguage":"en-US","potentialAction":[{"@type":"ReadAction","target":["https:\/\/www.papalegba.fr\/index.php\/les-cool-cash-flex-2\/"]}]},{"@type":"ImageObject","inLanguage":"en-US","@id":"https:\/\/www.papalegba.fr\/index.php\/les-cool-cash-flex-2\/#primaryimage","url":"https:\/\/www.papalegba.fr\/wp-content\/uploads\/2026\/02\/80PX.png","contentUrl":"https:\/\/www.papalegba.fr\/wp-content\/uploads\/2026\/02\/80PX.png","width":1200,"height":80},{"@type":"BreadcrumbList","@id":"https:\/\/www.papalegba.fr\/index.php\/les-cool-cash-flex-2\/#breadcrumb","itemListElement":[{"@type":"ListItem","position":1,"name":"Accueil","item":"https:\/\/www.papalegba.fr\/"},{"@type":"ListItem","position":2,"name":"LES COOL CASH FLEX"}]},{"@type":"WebSite","@id":"https:\/\/www.papalegba.fr\/#website","url":"https:\/\/www.papalegba.fr\/","name":"PAPA LEGBA RECORDS","description":"","publisher":{"@id":"https:\/\/www.papalegba.fr\/#organization"},"potentialAction":[{"@type":"SearchAction","target":{"@type":"EntryPoint","urlTemplate":"https:\/\/www.papalegba.fr\/?s={search_term_string}"},"query-input":{"@type":"PropertyValueSpecification","valueRequired":true,"valueName":"search_term_string"}}],"inLanguage":"en-US"},{"@type":"Organization","@id":"https:\/\/www.papalegba.fr\/#organization","name":"PAPA LEGBA RECORDS","url":"https:\/\/www.papalegba.fr\/","logo":{"@type":"ImageObject","inLanguage":"en-US","@id":"https:\/\/www.papalegba.fr\/#\/schema\/logo\/image\/","url":"http:\/\/www.papalegba.fr\/wp-content\/uploads\/2023\/02\/Logo-Papa-Legba-copie.gif","contentUrl":"http:\/\/www.papalegba.fr\/wp-content\/uploads\/2023\/02\/Logo-Papa-Legba-copie.gif","width":610,"height":610,"caption":"PAPA LEGBA RECORDS"},"image":{"@id":"https:\/\/www.papalegba.fr\/#\/schema\/logo\/image\/"},"sameAs":["https:\/\/www.facebook.com\/papalegbaofficiel","https:\/\/www.instagram.com\/papa_legba_recordings\/"]}]}},"jetpack_sharing_enabled":true,"_links":{"self":[{"href":"https:\/\/www.papalegba.fr\/index.php\/wp-json\/wp\/v2\/pages\/2079","targetHints":{"allow":["GET"]}}],"collection":[{"href":"https:\/\/www.papalegba.fr\/index.php\/wp-json\/wp\/v2\/pages"}],"about":[{"href":"https:\/\/www.papalegba.fr\/index.php\/wp-json\/wp\/v2\/types\/page"}],"author":[{"embeddable":true,"href":"https:\/\/www.papalegba.fr\/index.php\/wp-json\/wp\/v2\/users\/1"}],"replies":[{"embeddable":true,"href":"https:\/\/www.papalegba.fr\/index.php\/wp-json\/wp\/v2\/comments?post=2079"}],"version-history":[{"count":20,"href":"https:\/\/www.papalegba.fr\/index.php\/wp-json\/wp\/v2\/pages\/2079\/revisions"}],"predecessor-version":[{"id":2372,"href":"https:\/\/www.papalegba.fr\/index.php\/wp-json\/wp\/v2\/pages\/2079\/revisions\/2372"}],"wp:attachment":[{"href":"https:\/\/www.papalegba.fr\/index.php\/wp-json\/wp\/v2\/media?parent=2079"}],"curies":[{"name":"wp","href":"https:\/\/api.w.org\/{rel}","templated":true}]}}